{"id":662,"date":"2023-12-17T15:32:53","date_gmt":"2023-12-17T15:32:53","guid":{"rendered":"https:\/\/rafaelduque.me\/?page_id=662"},"modified":"2023-12-17T15:38:50","modified_gmt":"2023-12-17T15:38:50","slug":"privacy-policy","status":"publish","type":"page","link":"https:\/\/rafaelduque.me\/en\/privacy-policy\/","title":{"rendered":"Privacy Policy"},"content":{"rendered":"<div data-elementor-type=\"wp-page\" data-elementor-id=\"662\" class=\"elementor elementor-662\" data-elementor-post-type=\"page\">\n\t\t\t\t\t\t<section class=\"elementor-section elementor-top-section elementor-element elementor-element-eb6f0a0 elementor-section-boxed elementor-section-height-default elementor-section-height-default\" data-id=\"eb6f0a0\" data-element_type=\"section\">\n\t\t\t\t\t\t<div class=\"elementor-container elementor-column-gap-default\">\n\t\t\t\t\t<div class=\"elementor-column elementor-col-100 elementor-top-column elementor-element elementor-element-b30b98a\" data-id=\"b30b98a\" data-element_type=\"column\">\n\t\t\t<div class=\"elementor-widget-wrap elementor-element-populated\">\n\t\t\t\t\t\t<div class=\"elementor-element elementor-element-11217f7 elementor-widget elementor-widget-heading\" data-id=\"11217f7\" data-element_type=\"widget\" data-widget_type=\"heading.default\">\n\t\t\t\t<div class=\"elementor-widget-container\">\n\t\t\t\t\t<h1 class=\"elementor-heading-title elementor-size-default\">Privacy Policy\n<\/h1>\t\t\t\t<\/div>\n\t\t\t\t<\/div>\n\t\t\t\t<div class=\"elementor-element elementor-element-c44b350 elementor-widget elementor-widget-text-editor\" data-id=\"c44b350\" data-element_type=\"widget\" data-widget_type=\"text-editor.default\">\n\t\t\t\t<div class=\"elementor-widget-container\">\n\t\t\t\t\t\t\t\t\t<p>I respect the privacy of all users and we guarantee the confidentiality of all data provided by my clients.<br \/>The data provided on this website will only be used to process your order or send newsletters with information about my services.<br \/>The use of this information and data will be carried out in compliance with applicable legislation on the protection of personal data \u2013 Law 67\/98 of 26 October, Data Protection Law \u2013 in order to ensure the confidentiality and security of the personal data provided.<br \/>Within the scope of customer data management, the personal data collected will be transmitted to third parties that are freight transport companies with the sole and exclusive purpose of carrying out and fully executing the services or products purchased by the user, holder of the personal data collected.<br \/>The provision of personal data is optional and the right to access, rectification and cancellation of any data provided will always be guaranteed, in accordance with the law, and this right may be exercised in person or in writing, directly to the address on the website.<br \/>By visiting my website you are accepting my Privacy policy.<\/p><p>\u00a0<\/p><p><strong>General conditions<\/strong><br \/>The User undertakes to use my website in compliance with the provisions of applicable legislation, refraining from using the website for activities contrary to the law, morals and good customs, or rights and interests of third parties.<br \/>My website may have links to other websites, which may contain useful information\/tools for their users. These general conditions will not apply to third-party websites.<br \/>Therefore, if the user visits another website, redirected from my website, they must read its privacy policy.<\/p><p>\u00a0<\/p><p><strong>Modification of these Conditions<\/strong><br \/>I reserve the right to modify unilaterally and at any time, without prior notice, the presentation and content of the website, my services and the general conditions of use. These modifications will serve to improve our website, simultaneously improving the services offered to my visitors and customers.<\/p><p>\u00a0<\/p><p><strong>Intellectual property<\/strong><br \/>All content and information on my website are my property and therefore the use, reproduction, copying and dissemination by other means of logos, texts, images and videos is subject to my prior authorization in this regard.<\/p>\t\t\t\t\t\t\t\t<\/div>\n\t\t\t\t<\/div>\n\t\t\t\t\t<\/div>\n\t\t<\/div>\n\t\t\t\t\t<\/div>\n\t\t<\/section>\n\t\t\t\t<\/div>","protected":false},"excerpt":{"rendered":"<p>Pol\u00edtica de Privacidade Eu respeito a privacidade de todos os utilizadores e garantimos a confidencialidade de todos os dados fornecidos pelos meus clientes.Os dados fornecidos neste website servir\u00e3o apenas para o tratamento da sua encomenda ou envio de newsletters com informa\u00e7\u00f5es sobre os meus servi\u00e7os.A utiliza\u00e7\u00e3o desta informa\u00e7\u00e3o e dados ser\u00e1 efetuada no cumprimento da [&hellip;]<\/p>","protected":false},"author":1,"featured_media":0,"parent":0,"menu_order":0,"comment_status":"closed","ping_status":"closed","template":"","meta":{"_acf_changed":false,"inline_featured_image":false,"footnotes":""},"class_list":["post-662","page","type-page","status-publish","hentry"],"acf":[],"_links":{"self":[{"href":"https:\/\/rafaelduque.me\/en\/wp-json\/wp\/v2\/pages\/662","targetHints":{"allow":["GET"]}}],"collection":[{"href":"https:\/\/rafaelduque.me\/en\/wp-json\/wp\/v2\/pages"}],"about":[{"href":"https:\/\/rafaelduque.me\/en\/wp-json\/wp\/v2\/types\/page"}],"author":[{"embeddable":true,"href":"https:\/\/rafaelduque.me\/en\/wp-json\/wp\/v2\/users\/1"}],"replies":[{"embeddable":true,"href":"https:\/\/rafaelduque.me\/en\/wp-json\/wp\/v2\/comments?post=662"}],"version-history":[{"count":10,"href":"https:\/\/rafaelduque.me\/en\/wp-json\/wp\/v2\/pages\/662\/revisions"}],"predecessor-version":[{"id":682,"href":"https:\/\/rafaelduque.me\/en\/wp-json\/wp\/v2\/pages\/662\/revisions\/682"}],"wp:attachment":[{"href":"https:\/\/rafaelduque.me\/en\/wp-json\/wp\/v2\/media?parent=662"}],"curies":[{"name":"wp","href":"https:\/\/api.w.org\/{rel}","templated":true}]}}