{"id":696,"date":"2023-12-17T16:11:35","date_gmt":"2023-12-17T16:11:35","guid":{"rendered":"https:\/\/rafaelduque.me\/?page_id=696"},"modified":"2023-12-17T16:14:12","modified_gmt":"2023-12-17T16:14:12","slug":"cookies-policy","status":"publish","type":"page","link":"https:\/\/rafaelduque.me\/en\/cookies-policy\/","title":{"rendered":"Cookies Policy"},"content":{"rendered":"<div data-elementor-type=\"wp-page\" data-elementor-id=\"696\" class=\"elementor elementor-696\" data-elementor-post-type=\"page\">\n\t\t\t\t\t\t<section class=\"elementor-section elementor-top-section elementor-element elementor-element-7ea7513 elementor-section-boxed elementor-section-height-default elementor-section-height-default\" data-id=\"7ea7513\" data-element_type=\"section\">\n\t\t\t\t\t\t<div class=\"elementor-container elementor-column-gap-default\">\n\t\t\t\t\t<div class=\"elementor-column elementor-col-100 elementor-top-column elementor-element elementor-element-9ed5fb5\" data-id=\"9ed5fb5\" data-element_type=\"column\">\n\t\t\t<div class=\"elementor-widget-wrap elementor-element-populated\">\n\t\t\t\t\t\t<div class=\"elementor-element elementor-element-842205e elementor-widget elementor-widget-heading\" data-id=\"842205e\" data-element_type=\"widget\" data-widget_type=\"heading.default\">\n\t\t\t\t<div class=\"elementor-widget-container\">\n\t\t\t\t\t<h1 class=\"elementor-heading-title elementor-size-default\">Cookies Policy\n<\/h1>\t\t\t\t<\/div>\n\t\t\t\t<\/div>\n\t\t\t\t<div class=\"elementor-element elementor-element-8fd89e0 elementor-widget elementor-widget-text-editor\" data-id=\"8fd89e0\" data-element_type=\"widget\" data-widget_type=\"text-editor.default\">\n\t\t\t\t<div class=\"elementor-widget-container\">\n\t\t\t\t\t\t\t\t\t<p>On the websites developed by <a href=\"https:\/\/rafaelduque.me\/en\/\" target=\"_blank\" rel=\"noopener\">Rafael Duque<\/a> Various cookies are used. A cookie is a small file with letters and numbers that is saved by the browser you are using on your hard drive. These cookies are used to distinguish you from other users of our websites, without storing any personally identifiable information. The use of these cookies helps us to provide you with a good experience while browsing the website and also allows us to make constant improvements.<\/p><p>We also use cookies from Google Analytics, which allow us to recognize and count the number of visitors and understand how they move while browsing Rafael Duque's websites and applications. This helps us to improve the way our sites work, for example, by ensuring that users find what they are looking for easily.<\/p><p>None of our cookies store any personal information about users, such as their name or address. Please be aware that restricting cookies may impact the functionality of the website.<\/p><p>\u00a0<\/p><p><strong>Cookie policy validity<\/strong><\/p><p>The cookie policy described in this document is applicable in particular to the following domains.<\/p><table border=\"1\" cellspacing=\"0\" cellpadding=\"0\"><tbody><tr><td><strong>Domain<\/strong><\/td><td><strong>Site<\/strong><\/td><\/tr><tr><td>rafaelduque.me<\/td><td>Rafael Duque<\/td><\/tr><\/tbody><\/table><p>a) This cookie policy applies to all websites hosted on this website.<\/p><p>\u00a0<\/p><p><strong>Our cookies<\/strong><\/p><p>In the table below you can find more information about the various cookies we use and the purpose of each one:<\/p><table border=\"1\" cellspacing=\"0\" cellpadding=\"0\"><tbody><tr><td><strong>Cookie Type<\/strong><\/td><td><strong>Goal<\/strong><\/td><\/tr><tr><td><strong>Strictly necessary cookies<\/strong><\/td><td>They allow you to browse the website and use its applications. Without these cookies, the services you have requested cannot be provided.<br \/>\u00a0<\/td><\/tr><tr><td><strong>Analytical cookies<\/strong><\/td><td>They are used anonymously for the purposes of creating and analyzing statistics, in order to improve the functioning of the website.<\/td><\/tr><tr><td><strong>Functionality cookies<\/strong><\/td><td>They save the user's preferences regarding the use of the website, so that it is not necessary to reconfigure the website each time they visit it.<\/td><\/tr><\/tbody><\/table><p>\u00a0<\/p><p><strong>Cookies from external platforms and websites<\/strong><\/p><p>As a way of supporting our content publication, photos and video content from other websites, such as YouTube, are sometimes included. When visiting publications with content such as those mentioned above, cookies from these websites may be created. Rafael Duque has no control over the dissemination of these cookies.<\/p>\t\t\t\t\t\t\t\t<\/div>\n\t\t\t\t<\/div>\n\t\t\t\t\t<\/div>\n\t\t<\/div>\n\t\t\t\t\t<\/div>\n\t\t<\/section>\n\t\t\t\t<\/div>","protected":false},"excerpt":{"rendered":"<p>Pol\u00edtica de Cookies Nos website desenvolvidos pelo Rafael Duque s\u00e3o utilizados diversos cookies. Um cookie \u00e9 um pequeno arquivo com letras e n\u00fameros que \u00e9 guardado pelo navegador que est\u00e1 utilizar no seu disco r\u00edgido. Esses cookies s\u00e3o utilizados para distingui-lo de outros utilizadores dos nossos sites, sem no entanto guardar qualquer informa\u00e7\u00e3o pessoalmente identific\u00e1vel. [&hellip;]<\/p>","protected":false},"author":1,"featured_media":0,"parent":0,"menu_order":0,"comment_status":"closed","ping_status":"closed","template":"","meta":{"_acf_changed":false,"inline_featured_image":false,"footnotes":""},"class_list":["post-696","page","type-page","status-publish","hentry"],"acf":[],"_links":{"self":[{"href":"https:\/\/rafaelduque.me\/en\/wp-json\/wp\/v2\/pages\/696","targetHints":{"allow":["GET"]}}],"collection":[{"href":"https:\/\/rafaelduque.me\/en\/wp-json\/wp\/v2\/pages"}],"about":[{"href":"https:\/\/rafaelduque.me\/en\/wp-json\/wp\/v2\/types\/page"}],"author":[{"embeddable":true,"href":"https:\/\/rafaelduque.me\/en\/wp-json\/wp\/v2\/users\/1"}],"replies":[{"embeddable":true,"href":"https:\/\/rafaelduque.me\/en\/wp-json\/wp\/v2\/comments?post=696"}],"version-history":[{"count":4,"href":"https:\/\/rafaelduque.me\/en\/wp-json\/wp\/v2\/pages\/696\/revisions"}],"predecessor-version":[{"id":700,"href":"https:\/\/rafaelduque.me\/en\/wp-json\/wp\/v2\/pages\/696\/revisions\/700"}],"wp:attachment":[{"href":"https:\/\/rafaelduque.me\/en\/wp-json\/wp\/v2\/media?parent=696"}],"curies":[{"name":"wp","href":"https:\/\/api.w.org\/{rel}","templated":true}]}}